{"id":4437,"date":"2025-10-11T22:17:56","date_gmt":"2025-10-11T22:17:56","guid":{"rendered":"https:\/\/aklawfirmstg.wpenginepowered.com\/?page_id=4437"},"modified":"2025-10-11T22:51:00","modified_gmt":"2025-10-11T22:51:00","slug":"slider","status":"publish","type":"page","link":"https:\/\/akfirm.com\/es\/slider\/","title":{"rendered":"Slider"},"content":{"rendered":"<div data-elementor-type=\"wp-page\" data-elementor-id=\"4437\" class=\"elementor elementor-4437\" data-elementor-post-type=\"page\">\n\t\t\t\t<div class=\"elementor-element elementor-element-45fd6b0 e-flex e-con-boxed e-con e-parent\" data-id=\"45fd6b0\" data-element_type=\"container\" data-e-type=\"container\" data-settings=\"{&quot;background_background&quot;:&quot;classic&quot;}\">\n\t\t\t\t\t<div class=\"e-con-inner\">\n\t\t<div class=\"elementor-element elementor-element-c3fd87e e-con-full e-flex e-con e-child\" data-id=\"c3fd87e\" data-element_type=\"container\" data-e-type=\"container\">\n\t\t\t\t<div class=\"elementor-element elementor-element-62b0dc4 elementor-widget elementor-widget-heading\" data-id=\"62b0dc4\" data-element_type=\"widget\" data-e-type=\"widget\" data-widget_type=\"heading.default\">\n\t\t\t\t\t<h2 class=\"elementor-heading-title elementor-size-default\">Llamadas semanales\n\n<\/h2>\t\t\t\t<\/div>\n\t\t\t\t<div class=\"elementor-element elementor-element-5c16309 elementor-widget elementor-widget-text-editor\" data-id=\"5c16309\" data-element_type=\"widget\" data-e-type=\"widget\" data-widget_type=\"text-editor.default\">\n\t\t\t\t\t\t\t\t\tSi usted lee los comentarios en l\u00ednea, usted ver\u00e1 la queja n\u00famero uno de los bufetes de abogados es que nunca llaman a sus clientes. Es por eso que estamos dedicados a asegurarnos de que usted reciba una llamada al menos una vez a la semana para ponerle al d\u00eda en su caso y para comprobar en usted, no s\u00f3lo como un cliente, sino como una persona real.\n\n\t\t\t\t\t\t\t\t<\/div>\n\t\t\t\t<\/div>\n\t\t<div class=\"elementor-element elementor-element-7f7f83f e-con-full e-flex e-con e-child\" data-id=\"7f7f83f\" data-element_type=\"container\" data-e-type=\"container\" data-settings=\"{&quot;background_background&quot;:&quot;classic&quot;}\">\n\t\t\t\t<div class=\"elementor-element elementor-element-abd1dda elementor-widget elementor-widget-spacer\" data-id=\"abd1dda\" data-element_type=\"widget\" data-e-type=\"widget\" data-widget_type=\"spacer.default\">\n\t\t\t\t\t\t\t<div class=\"elementor-spacer\">\n\t\t\t<div class=\"elementor-spacer-inner\"><\/div>\n\t\t<\/div>\n\t\t\t\t\t\t<\/div>\n\t\t\t\t<\/div>\n\t\t\t\t\t<\/div>\n\t\t\t\t<\/div>\n\t\t<div class=\"elementor-element elementor-element-021657e e-flex e-con-boxed e-con e-parent\" data-id=\"021657e\" data-element_type=\"container\" data-e-type=\"container\" data-settings=\"{&quot;background_background&quot;:&quot;classic&quot;}\">\n\t\t\t\t\t<div class=\"e-con-inner\">\n\t\t<div class=\"elementor-element elementor-element-b00e92a e-con-full e-flex e-con e-child\" data-id=\"b00e92a\" data-element_type=\"container\" data-e-type=\"container\">\n\t\t\t\t<div class=\"elementor-element elementor-element-3b8e311 elementor-widget elementor-widget-heading\" data-id=\"3b8e311\" data-element_type=\"widget\" data-e-type=\"widget\" data-widget_type=\"heading.default\">\n\t\t\t\t\t<h2 class=\"elementor-heading-title elementor-size-default\">Acceso en l\u00ednea ininterrumpido a su expediente desde su tel\u00e9fono\n\n<\/h2>\t\t\t\t<\/div>\n\t\t\t\t<div class=\"elementor-element elementor-element-33d8ef7 elementor-widget elementor-widget-text-editor\" data-id=\"33d8ef7\" data-element_type=\"widget\" data-e-type=\"widget\" data-widget_type=\"text-editor.default\">\n\t\t\t\t\t\t\t\t\tNo le ocultamos nada. Es su expediente, \u00bfpor qu\u00e9 no iba a tener acceso a \u00e9l? Creemos en la transparencia a un nivel que no encontrar\u00e1 en ning\u00fan otro sitio.\n\n\t\t\t\t\t\t\t\t<\/div>\n\t\t\t\t<\/div>\n\t\t<div class=\"elementor-element elementor-element-665272d e-con-full e-flex e-con e-child\" data-id=\"665272d\" data-element_type=\"container\" data-e-type=\"container\" data-settings=\"{&quot;background_background&quot;:&quot;classic&quot;}\">\n\t\t\t\t<div class=\"elementor-element elementor-element-075e04a elementor-widget elementor-widget-spacer\" data-id=\"075e04a\" data-element_type=\"widget\" data-e-type=\"widget\" data-widget_type=\"spacer.default\">\n\t\t\t\t\t\t\t<div class=\"elementor-spacer\">\n\t\t\t<div class=\"elementor-spacer-inner\"><\/div>\n\t\t<\/div>\n\t\t\t\t\t\t<\/div>\n\t\t\t\t<\/div>\n\t\t\t\t\t<\/div>\n\t\t\t\t<\/div>\n\t\t<div class=\"elementor-element elementor-element-1c0c19d e-flex e-con-boxed e-con e-parent\" data-id=\"1c0c19d\" data-element_type=\"container\" data-e-type=\"container\" data-settings=\"{&quot;background_background&quot;:&quot;classic&quot;}\">\n\t\t\t\t\t<div class=\"e-con-inner\">\n\t\t<div class=\"elementor-element elementor-element-3556eb3 e-con-full e-flex e-con e-child\" data-id=\"3556eb3\" data-element_type=\"container\" data-e-type=\"container\">\n\t\t\t\t<div class=\"elementor-element elementor-element-2721d41 elementor-widget elementor-widget-heading\" data-id=\"2721d41\" data-element_type=\"widget\" data-e-type=\"widget\" data-widget_type=\"heading.default\">\n\t\t\t\t\t<h2 class=\"elementor-heading-title elementor-size-default\">Amplias opciones de atenci\u00f3n m\u00e9dica\n\n<\/h2>\t\t\t\t<\/div>\n\t\t\t\t<div class=\"elementor-element elementor-element-d2d9fb8 elementor-widget elementor-widget-text-editor\" data-id=\"d2d9fb8\" data-element_type=\"widget\" data-e-type=\"widget\" data-widget_type=\"text-editor.default\">\n\t\t\t\t\t\t\t\t\tContamos con un amplio grupo de profesionales m\u00e9dicos que no s\u00f3lo son los mejores en lo que hacen, sino que localizamos a los proveedores de la forma m\u00e1s conveniente posible para usted. Sabemos que el tiempo es dinero y usted no puede estar conduciendo por toda la ciudad para recibir tratamiento. Nos aseguramos de conseguir el tratamiento que sea conveniente para usted. Adem\u00e1s, trabajamos con todo tipo de m\u00e9dico que pueda necesitar.\n\n\t\t\t\t\t\t\t\t<\/div>\n\t\t\t\t<\/div>\n\t\t<div class=\"elementor-element elementor-element-a5e540a e-con-full e-flex e-con e-child\" data-id=\"a5e540a\" data-element_type=\"container\" data-e-type=\"container\" data-settings=\"{&quot;background_background&quot;:&quot;classic&quot;}\">\n\t\t\t\t<div class=\"elementor-element elementor-element-c815d57 elementor-widget elementor-widget-spacer\" data-id=\"c815d57\" data-element_type=\"widget\" data-e-type=\"widget\" data-widget_type=\"spacer.default\">\n\t\t\t\t\t\t\t<div class=\"elementor-spacer\">\n\t\t\t<div class=\"elementor-spacer-inner\"><\/div>\n\t\t<\/div>\n\t\t\t\t\t\t<\/div>\n\t\t\t\t<\/div>\n\t\t\t\t\t<\/div>\n\t\t\t\t<\/div>\n\t\t\t\t<\/div>","protected":false},"excerpt":{"rendered":"<p>Weekly Update Calls If you read online reviews, you will see the number one complaint of law firms is they never call their clients. That is why we are dedicated&#8230;<\/p>","protected":false},"author":23,"featured_media":0,"parent":0,"menu_order":0,"comment_status":"closed","ping_status":"closed","template":"","meta":{"inline_featured_image":false,"footnotes":""},"class_list":["post-4437","page","type-page","status-publish"],"_links":{"self":[{"href":"https:\/\/akfirm.com\/es\/wp-json\/wp\/v2\/pages\/4437","targetHints":{"allow":["GET"]}}],"collection":[{"href":"https:\/\/akfirm.com\/es\/wp-json\/wp\/v2\/pages"}],"about":[{"href":"https:\/\/akfirm.com\/es\/wp-json\/wp\/v2\/types\/page"}],"author":[{"embeddable":true,"href":"https:\/\/akfirm.com\/es\/wp-json\/wp\/v2\/users\/23"}],"replies":[{"embeddable":true,"href":"https:\/\/akfirm.com\/es\/wp-json\/wp\/v2\/comments?post=4437"}],"version-history":[{"count":0,"href":"https:\/\/akfirm.com\/es\/wp-json\/wp\/v2\/pages\/4437\/revisions"}],"wp:attachment":[{"href":"https:\/\/akfirm.com\/es\/wp-json\/wp\/v2\/media?parent=4437"}],"curies":[{"name":"wp","href":"https:\/\/api.w.org\/{rel}","templated":true}]}}